{"id":47,"date":"2015-12-30T00:04:12","date_gmt":"2015-12-29T23:04:12","guid":{"rendered":"http:\/\/letempsdespommes.com\/?page_id=47"},"modified":"2023-06-28T19:21:50","modified_gmt":"2023-06-28T17:21:50","slug":"les-salles-de-douche","status":"publish","type":"page","link":"https:\/\/letempsdespommes.com\/?page_id=47","title":{"rendered":"LES SALLES DE DOUCHE"},"content":{"rendered":"<p><a href=\"http:\/\/letempsdespommes.com\/wp-content\/uploads\/2015\/12\/Salle-de-douche-e1453648571823.jpg\" rel=\"attachment wp-att-307\"><img loading=\"lazy\" decoding=\"async\" class=\"aligncenter wp-image-307 size-full\" src=\"http:\/\/letempsdespommes.com\/wp-content\/uploads\/2015\/12\/Salle-de-douche-e1687972900770.jpg\" alt=\"Salle de douche\" width=\"1024\" height=\"512\" srcset=\"https:\/\/letempsdespommes.com\/wp-content\/uploads\/2015\/12\/Salle-de-douche-e1687972900770.jpg 1024w, https:\/\/letempsdespommes.com\/wp-content\/uploads\/2015\/12\/Salle-de-douche-e1687972900770-300x150.jpg 300w, https:\/\/letempsdespommes.com\/wp-content\/uploads\/2015\/12\/Salle-de-douche-e1687972900770-768x384.jpg 768w\" sizes=\"(max-width: 1024px) 100vw, 1024px\" \/><\/a><\/p>\n<p align=\"CENTER\"><span style=\"font-family: 'Segoe Script', sans-serif;\"><span style=\"font-size: x-large;\">Le g\u00eete dispose \u00e0 chaque \u00e9tage, d&rsquo;une salle de douche et d&rsquo;un WC ind\u00e9pendant.<\/span><\/span><\/p>\n","protected":false},"excerpt":{"rendered":"<p>Le g\u00eete dispose \u00e0 chaque \u00e9tage, d&rsquo;une salle de douche et d&rsquo;un WC ind\u00e9pendant.<a class=\"read-more \" href=\"https:\/\/letempsdespommes.com\/?page_id=47\" title=\"Read More\"> <span class=\"button default\">Read More<\/span><\/a><\/p>\n","protected":false},"author":1,"featured_media":0,"parent":30,"menu_order":0,"comment_status":"closed","ping_status":"closed","template":"","meta":{"footnotes":""},"_links":{"self":[{"href":"https:\/\/letempsdespommes.com\/index.php?rest_route=\/wp\/v2\/pages\/47"}],"collection":[{"href":"https:\/\/letempsdespommes.com\/index.php?rest_route=\/wp\/v2\/pages"}],"about":[{"href":"https:\/\/letempsdespommes.com\/index.php?rest_route=\/wp\/v2\/types\/page"}],"author":[{"embeddable":true,"href":"https:\/\/letempsdespommes.com\/index.php?rest_route=\/wp\/v2\/users\/1"}],"replies":[{"embeddable":true,"href":"https:\/\/letempsdespommes.com\/index.php?rest_route=%2Fwp%2Fv2%2Fcomments&post=47"}],"version-history":[{"count":9,"href":"https:\/\/letempsdespommes.com\/index.php?rest_route=\/wp\/v2\/pages\/47\/revisions"}],"predecessor-version":[{"id":1034,"href":"https:\/\/letempsdespommes.com\/index.php?rest_route=\/wp\/v2\/pages\/47\/revisions\/1034"}],"up":[{"embeddable":true,"href":"https:\/\/letempsdespommes.com\/index.php?rest_route=\/wp\/v2\/pages\/30"}],"wp:attachment":[{"href":"https:\/\/letempsdespommes.com\/index.php?rest_route=%2Fwp%2Fv2%2Fmedia&parent=47"}],"curies":[{"name":"wp","href":"https:\/\/api.w.org\/{rel}","templated":true}]}}