{"id":45,"date":"2015-12-30T00:03:21","date_gmt":"2015-12-29T23:03:21","guid":{"rendered":"http:\/\/letempsdespommes.com\/?page_id=45"},"modified":"2023-06-28T19:20:03","modified_gmt":"2023-06-28T17:20:03","slug":"les-chambres","status":"publish","type":"page","link":"https:\/\/letempsdespommes.com\/?page_id=45","title":{"rendered":"LES CHAMBRES"},"content":{"rendered":"<p><a href=\"http:\/\/letempsdespommes.com\/wp-content\/uploads\/2023\/06\/Chambre-jaune-2-e1687708768626.jpg\" rel=\"attachment wp-att-121\"><img loading=\"lazy\" decoding=\"async\" class=\"alignnone wp-image-999 size-full\" src=\"http:\/\/letempsdespommes.com\/wp-content\/uploads\/2023\/06\/Chambre-jaune-2-e1687972744385.jpg\" alt=\"\" width=\"1024\" height=\"512\" srcset=\"https:\/\/letempsdespommes.com\/wp-content\/uploads\/2023\/06\/Chambre-jaune-2-e1687972744385.jpg 1024w, https:\/\/letempsdespommes.com\/wp-content\/uploads\/2023\/06\/Chambre-jaune-2-e1687972744385-300x150.jpg 300w, https:\/\/letempsdespommes.com\/wp-content\/uploads\/2023\/06\/Chambre-jaune-2-e1687972744385-768x384.jpg 768w\" sizes=\"(max-width: 1024px) 100vw, 1024px\" \/><\/a><\/p>\n<p align=\"CENTER\"><span style=\"font-family: 'Segoe Script', sans-serif;\"><span style=\"font-size: x-large;\">La Chambre Papillons est \u00e9quip\u00e9e d\u2019une literie 160&#215;200 \u00e0 m\u00e9moire de forme, d&rsquo;une penderie et d&rsquo;un t\u00e9l\u00e9viseur \u00e9cran plat USB\/HDMI 80cm.<\/span><\/span><\/p>\n<p><a href=\"http:\/\/letempsdespommes.com\/wp-content\/uploads\/2016\/01\/Chambre-grise-e1452950777166.jpg\" rel=\"attachment wp-att-120\"><img loading=\"lazy\" decoding=\"async\" class=\"aligncenter wp-image-120 size-full\" src=\"http:\/\/letempsdespommes.com\/wp-content\/uploads\/2016\/01\/Chambre-grise-e1687972774715.jpg\" alt=\"chambre du gite\" width=\"1024\" height=\"512\" srcset=\"https:\/\/letempsdespommes.com\/wp-content\/uploads\/2016\/01\/Chambre-grise-e1687972774715.jpg 1024w, https:\/\/letempsdespommes.com\/wp-content\/uploads\/2016\/01\/Chambre-grise-e1687972774715-300x150.jpg 300w, https:\/\/letempsdespommes.com\/wp-content\/uploads\/2016\/01\/Chambre-grise-e1687972774715-768x384.jpg 768w\" sizes=\"(max-width: 1024px) 100vw, 1024px\" \/><\/a><\/p>\n<p align=\"CENTER\"><span style=\"font-family: 'Segoe Script', sans-serif;\"><span style=\"font-size: x-large;\">La Chambre Oiseaux est \u00e9quip\u00e9e d\u2019une literie 160&#215;200 \u00e0 m\u00e9moire de forme, d&rsquo;une penderie et d&rsquo;un t\u00e9l\u00e9viseur \u00e9cran plat USB\/HDMI 80cm.<\/span><\/span><\/p>\n<p><a href=\"http:\/\/letempsdespommes.com\/wp-content\/uploads\/2016\/01\/Chambre-verte-e1452950731442.jpg\" rel=\"attachment wp-att-122\"><img loading=\"lazy\" decoding=\"async\" class=\"aligncenter wp-image-122 size-full\" src=\"http:\/\/letempsdespommes.com\/wp-content\/uploads\/2016\/01\/Chambre-verte-e1687972795657.jpg\" alt=\"Chambre du gite\" width=\"1024\" height=\"512\" srcset=\"https:\/\/letempsdespommes.com\/wp-content\/uploads\/2016\/01\/Chambre-verte-e1687972795657.jpg 1024w, https:\/\/letempsdespommes.com\/wp-content\/uploads\/2016\/01\/Chambre-verte-e1687972795657-300x150.jpg 300w, https:\/\/letempsdespommes.com\/wp-content\/uploads\/2016\/01\/Chambre-verte-e1687972795657-768x384.jpg 768w\" sizes=\"(max-width: 1024px) 100vw, 1024px\" \/><\/a><\/p>\n<p align=\"CENTER\"><span style=\"font-family: 'Segoe Script', sans-serif;\"><span style=\"font-size: x-large;\">La Chambre Libellules est \u00e9quip\u00e9e de deux literies 90&#215;200 \u00e0 m\u00e9moire de forme non-jumelables et d&rsquo;une penderie.<\/span><\/span><\/p>\n","protected":false},"excerpt":{"rendered":"<p>La Chambre Papillons est \u00e9quip\u00e9e d\u2019une literie 160&#215;200 \u00e0 m\u00e9moire de forme, d&rsquo;une penderie et d&rsquo;un t\u00e9l\u00e9viseur \u00e9cran plat USB\/HDMI 80cm. La Chambre Oiseaux est \u00e9quip\u00e9e d\u2019une literie 160&#215;200 \u00e0 m\u00e9moire de forme, d&rsquo;une penderie et d&rsquo;un t\u00e9l\u00e9viseur \u00e9cran plat USB\/HDMI 80cm. La Chambre Libellules est \u00e9quip\u00e9e de deux literies 90&#215;200 \u00e0 m\u00e9moire de forme<a class=\"read-more \" href=\"https:\/\/letempsdespommes.com\/?page_id=45\" title=\"Read More\"> <span class=\"button default\">Read More<\/span><\/a><\/p>\n","protected":false},"author":1,"featured_media":0,"parent":30,"menu_order":0,"comment_status":"closed","ping_status":"closed","template":"","meta":{"footnotes":""},"_links":{"self":[{"href":"https:\/\/letempsdespommes.com\/index.php?rest_route=\/wp\/v2\/pages\/45"}],"collection":[{"href":"https:\/\/letempsdespommes.com\/index.php?rest_route=\/wp\/v2\/pages"}],"about":[{"href":"https:\/\/letempsdespommes.com\/index.php?rest_route=\/wp\/v2\/types\/page"}],"author":[{"embeddable":true,"href":"https:\/\/letempsdespommes.com\/index.php?rest_route=\/wp\/v2\/users\/1"}],"replies":[{"embeddable":true,"href":"https:\/\/letempsdespommes.com\/index.php?rest_route=%2Fwp%2Fv2%2Fcomments&post=45"}],"version-history":[{"count":16,"href":"https:\/\/letempsdespommes.com\/index.php?rest_route=\/wp\/v2\/pages\/45\/revisions"}],"predecessor-version":[{"id":1033,"href":"https:\/\/letempsdespommes.com\/index.php?rest_route=\/wp\/v2\/pages\/45\/revisions\/1033"}],"up":[{"embeddable":true,"href":"https:\/\/letempsdespommes.com\/index.php?rest_route=\/wp\/v2\/pages\/30"}],"wp:attachment":[{"href":"https:\/\/letempsdespommes.com\/index.php?rest_route=%2Fwp%2Fv2%2Fmedia&parent=45"}],"curies":[{"name":"wp","href":"https:\/\/api.w.org\/{rel}","templated":true}]}}