{"id":43,"date":"2015-12-30T00:02:32","date_gmt":"2015-12-29T23:02:32","guid":{"rendered":"http:\/\/letempsdespommes.com\/?page_id=43"},"modified":"2023-06-28T19:17:39","modified_gmt":"2023-06-28T17:17:39","slug":"le-sejour","status":"publish","type":"page","link":"https:\/\/letempsdespommes.com\/?page_id=43","title":{"rendered":"LE SALON"},"content":{"rendered":"<p><a href=\"http:\/\/letempsdespommes.com\/wp-content\/uploads\/2023\/06\/Salon-5-e1687701350753.jpg\"><img loading=\"lazy\" decoding=\"async\" class=\"alignnone wp-image-991 size-full\" src=\"http:\/\/letempsdespommes.com\/wp-content\/uploads\/2023\/06\/Salon-5-e1687972632337.jpg\" alt=\"\" width=\"1024\" height=\"504\" srcset=\"https:\/\/letempsdespommes.com\/wp-content\/uploads\/2023\/06\/Salon-5-e1687972632337.jpg 1024w, https:\/\/letempsdespommes.com\/wp-content\/uploads\/2023\/06\/Salon-5-e1687972632337-300x148.jpg 300w, https:\/\/letempsdespommes.com\/wp-content\/uploads\/2023\/06\/Salon-5-e1687972632337-768x378.jpg 768w\" sizes=\"(max-width: 1024px) 100vw, 1024px\" \/><\/a><\/p>\n<p><a href=\"http:\/\/letempsdespommes.com\/wp-content\/uploads\/2023\/06\/Salon-6-1-e1687709420448.jpg\"><img loading=\"lazy\" decoding=\"async\" class=\"alignnone wp-image-1004 size-full\" src=\"http:\/\/letempsdespommes.com\/wp-content\/uploads\/2023\/06\/Salon-6-1-e1687972648355.jpg\" alt=\"\" width=\"1024\" height=\"512\" srcset=\"https:\/\/letempsdespommes.com\/wp-content\/uploads\/2023\/06\/Salon-6-1-e1687972648355.jpg 1024w, https:\/\/letempsdespommes.com\/wp-content\/uploads\/2023\/06\/Salon-6-1-e1687972648355-300x150.jpg 300w, https:\/\/letempsdespommes.com\/wp-content\/uploads\/2023\/06\/Salon-6-1-e1687972648355-768x384.jpg 768w\" sizes=\"(max-width: 1024px) 100vw, 1024px\" \/><\/a><\/p>\n<p align=\"CENTER\"><span style=\"font-family: 'Segoe Script', sans-serif;\"><span style=\"font-size: x-large;\">Nous mettons \u00e0 votre disposition des livres et des jeux de soci\u00e9t\u00e9 afin de profiter de vos soir\u00e9es aupr\u00e8s du feu ou de vos matin\u00e9es d\u00e9tentes sur la terrasse au soleil.<\/span><\/span><\/p>\n","protected":false},"excerpt":{"rendered":"<p>Nous mettons \u00e0 votre disposition des livres et des jeux de soci\u00e9t\u00e9 afin de profiter de vos soir\u00e9es aupr\u00e8s du feu ou de vos matin\u00e9es d\u00e9tentes sur la terrasse au soleil.<a class=\"read-more \" href=\"https:\/\/letempsdespommes.com\/?page_id=43\" title=\"Read More\"> <span class=\"button default\">Read More<\/span><\/a><\/p>\n","protected":false},"author":1,"featured_media":0,"parent":30,"menu_order":0,"comment_status":"closed","ping_status":"closed","template":"","meta":{"footnotes":""},"_links":{"self":[{"href":"https:\/\/letempsdespommes.com\/index.php?rest_route=\/wp\/v2\/pages\/43"}],"collection":[{"href":"https:\/\/letempsdespommes.com\/index.php?rest_route=\/wp\/v2\/pages"}],"about":[{"href":"https:\/\/letempsdespommes.com\/index.php?rest_route=\/wp\/v2\/types\/page"}],"author":[{"embeddable":true,"href":"https:\/\/letempsdespommes.com\/index.php?rest_route=\/wp\/v2\/users\/1"}],"replies":[{"embeddable":true,"href":"https:\/\/letempsdespommes.com\/index.php?rest_route=%2Fwp%2Fv2%2Fcomments&post=43"}],"version-history":[{"count":18,"href":"https:\/\/letempsdespommes.com\/index.php?rest_route=\/wp\/v2\/pages\/43\/revisions"}],"predecessor-version":[{"id":1031,"href":"https:\/\/letempsdespommes.com\/index.php?rest_route=\/wp\/v2\/pages\/43\/revisions\/1031"}],"up":[{"embeddable":true,"href":"https:\/\/letempsdespommes.com\/index.php?rest_route=\/wp\/v2\/pages\/30"}],"wp:attachment":[{"href":"https:\/\/letempsdespommes.com\/index.php?rest_route=%2Fwp%2Fv2%2Fmedia&parent=43"}],"curies":[{"name":"wp","href":"https:\/\/api.w.org\/{rel}","templated":true}]}}