{"id":38,"date":"2015-12-29T23:52:07","date_gmt":"2015-12-29T23:52:07","guid":{"rendered":"http:\/\/letempsdespommes.com\/?page_id=38"},"modified":"2023-06-28T19:16:38","modified_gmt":"2023-06-28T17:16:38","slug":"la-cuisine","status":"publish","type":"page","link":"https:\/\/letempsdespommes.com\/?page_id=38","title":{"rendered":"LA CUISINE"},"content":{"rendered":"<p><a href=\"http:\/\/letempsdespommes.com\/wp-content\/uploads\/2023\/06\/Cuisine-3-e1687709363815.jpg\" rel=\"attachment wp-att-309\"><img loading=\"lazy\" decoding=\"async\" class=\"alignnone wp-image-996 size-full\" src=\"http:\/\/letempsdespommes.com\/wp-content\/uploads\/2023\/06\/Cuisine-3-e1687972543602.jpg\" alt=\"\" width=\"1024\" height=\"502\" srcset=\"https:\/\/letempsdespommes.com\/wp-content\/uploads\/2023\/06\/Cuisine-3-e1687972543602.jpg 1024w, https:\/\/letempsdespommes.com\/wp-content\/uploads\/2023\/06\/Cuisine-3-e1687972543602-300x147.jpg 300w, https:\/\/letempsdespommes.com\/wp-content\/uploads\/2023\/06\/Cuisine-3-e1687972543602-768x377.jpg 768w\" sizes=\"(max-width: 1024px) 100vw, 1024px\" \/><\/a><\/p>\n<p><a href=\"http:\/\/letempsdespommes.com\/wp-content\/uploads\/2023\/06\/Cuisine-4-1-e1687709258965.jpg\" rel=\"attachment wp-att-125\"><img loading=\"lazy\" decoding=\"async\" class=\"alignnone wp-image-1001 size-full\" src=\"http:\/\/letempsdespommes.com\/wp-content\/uploads\/2023\/06\/Cuisine-4-1-e1687972564463.jpg\" alt=\"\" width=\"1024\" height=\"512\" srcset=\"https:\/\/letempsdespommes.com\/wp-content\/uploads\/2023\/06\/Cuisine-4-1-e1687972564463.jpg 1024w, https:\/\/letempsdespommes.com\/wp-content\/uploads\/2023\/06\/Cuisine-4-1-e1687972564463-300x150.jpg 300w, https:\/\/letempsdespommes.com\/wp-content\/uploads\/2023\/06\/Cuisine-4-1-e1687972564463-768x384.jpg 768w\" sizes=\"(max-width: 1024px) 100vw, 1024px\" \/><\/a><\/p>\n<p align=\"CENTER\"><span style=\"font-family: 'Segoe Script', sans-serif;\"><span style=\"font-size: x-large;\">La cuisine est \u00e9quip\u00e9e entre autres d&rsquo;un four de qualit\u00e9, d&rsquo;un micro-ondes, de robots m\u00e9nagers et de tous les plats et moules qui vous permettront de r\u00e9aliser de bonnes recettes.<\/span><\/span><\/p>\n","protected":false},"excerpt":{"rendered":"<p>La cuisine est \u00e9quip\u00e9e entre autres d&rsquo;un four de qualit\u00e9, d&rsquo;un micro-ondes, de robots m\u00e9nagers et de tous les plats et moules qui vous permettront de r\u00e9aliser de bonnes recettes.<a class=\"read-more \" href=\"https:\/\/letempsdespommes.com\/?page_id=38\" title=\"Read More\"> <span class=\"button default\">Read More<\/span><\/a><\/p>\n","protected":false},"author":1,"featured_media":0,"parent":30,"menu_order":0,"comment_status":"closed","ping_status":"closed","template":"","meta":{"footnotes":""},"_links":{"self":[{"href":"https:\/\/letempsdespommes.com\/index.php?rest_route=\/wp\/v2\/pages\/38"}],"collection":[{"href":"https:\/\/letempsdespommes.com\/index.php?rest_route=\/wp\/v2\/pages"}],"about":[{"href":"https:\/\/letempsdespommes.com\/index.php?rest_route=\/wp\/v2\/types\/page"}],"author":[{"embeddable":true,"href":"https:\/\/letempsdespommes.com\/index.php?rest_route=\/wp\/v2\/users\/1"}],"replies":[{"embeddable":true,"href":"https:\/\/letempsdespommes.com\/index.php?rest_route=%2Fwp%2Fv2%2Fcomments&post=38"}],"version-history":[{"count":21,"href":"https:\/\/letempsdespommes.com\/index.php?rest_route=\/wp\/v2\/pages\/38\/revisions"}],"predecessor-version":[{"id":1030,"href":"https:\/\/letempsdespommes.com\/index.php?rest_route=\/wp\/v2\/pages\/38\/revisions\/1030"}],"up":[{"embeddable":true,"href":"https:\/\/letempsdespommes.com\/index.php?rest_route=\/wp\/v2\/pages\/30"}],"wp:attachment":[{"href":"https:\/\/letempsdespommes.com\/index.php?rest_route=%2Fwp%2Fv2%2Fmedia&parent=38"}],"curies":[{"name":"wp","href":"https:\/\/api.w.org\/{rel}","templated":true}]}}