{"id":30,"date":"2015-12-29T23:23:32","date_gmt":"2015-12-29T23:23:32","guid":{"rendered":"http:\/\/letempsdespommes.com\/?page_id=30"},"modified":"2023-06-28T18:29:18","modified_gmt":"2023-06-28T16:29:18","slug":"le-gite-2","status":"publish","type":"page","link":"https:\/\/letempsdespommes.com\/?page_id=30","title":{"rendered":"LE G\u00ceTE"},"content":{"rendered":"<p><a href=\"http:\/\/letempsdespommes.com\/wp-content\/uploads\/2018\/07\/Gite-ext\u00e9rieur-3-e1531044309117.jpg\"><img loading=\"lazy\" decoding=\"async\" class=\"alignnone wp-image-857 size-full\" src=\"http:\/\/letempsdespommes.com\/wp-content\/uploads\/2018\/07\/Gite-ext\u00e9rieur-3-e1687969752171.jpg\" alt=\"\" width=\"1500\" height=\"750\" \/><\/a><\/p>\n<p align=\"CENTER\"><span style=\"font-family: 'Segoe Script', sans-serif;\"><span style=\"font-size: x-large;\">Le g\u00eete est situ\u00e9 en pleine campagne au c\u0153ur du Parc Naturel R\u00e9gional des Boucles de la Seine Normande, vous pourrez vous reposer sur sa terrasse plein Sud et faire des balades \u00e0 pieds ou \u00e0 v\u00e9los sur les nombreux chemins de randonn\u00e9es avoisinants. <\/span><\/span><\/p>\n","protected":false},"excerpt":{"rendered":"<p>Le g\u00eete est situ\u00e9 en pleine campagne au c\u0153ur du Parc Naturel R\u00e9gional des Boucles de la Seine Normande, vous pourrez vous reposer sur sa terrasse plein Sud et faire des balades \u00e0 pieds ou \u00e0 v\u00e9los sur les nombreux chemins de randonn\u00e9es avoisinants.<a class=\"read-more \" href=\"https:\/\/letempsdespommes.com\/?page_id=30\" title=\"Read More\"> <span class=\"button default\">Read More<\/span><\/a><\/p>\n","protected":false},"author":1,"featured_media":0,"parent":2,"menu_order":0,"comment_status":"closed","ping_status":"closed","template":"","meta":{"footnotes":""},"_links":{"self":[{"href":"https:\/\/letempsdespommes.com\/index.php?rest_route=\/wp\/v2\/pages\/30"}],"collection":[{"href":"https:\/\/letempsdespommes.com\/index.php?rest_route=\/wp\/v2\/pages"}],"about":[{"href":"https:\/\/letempsdespommes.com\/index.php?rest_route=\/wp\/v2\/types\/page"}],"author":[{"embeddable":true,"href":"https:\/\/letempsdespommes.com\/index.php?rest_route=\/wp\/v2\/users\/1"}],"replies":[{"embeddable":true,"href":"https:\/\/letempsdespommes.com\/index.php?rest_route=%2Fwp%2Fv2%2Fcomments&post=30"}],"version-history":[{"count":14,"href":"https:\/\/letempsdespommes.com\/index.php?rest_route=\/wp\/v2\/pages\/30\/revisions"}],"predecessor-version":[{"id":1035,"href":"https:\/\/letempsdespommes.com\/index.php?rest_route=\/wp\/v2\/pages\/30\/revisions\/1035"}],"up":[{"embeddable":true,"href":"https:\/\/letempsdespommes.com\/index.php?rest_route=\/wp\/v2\/pages\/2"}],"wp:attachment":[{"href":"https:\/\/letempsdespommes.com\/index.php?rest_route=%2Fwp%2Fv2%2Fmedia&parent=30"}],"curies":[{"name":"wp","href":"https:\/\/api.w.org\/{rel}","templated":true}]}}