{"id":230,"date":"2016-01-22T14:32:21","date_gmt":"2016-01-22T13:32:21","guid":{"rendered":"http:\/\/letempsdespommes.com\/?page_id=230"},"modified":"2023-06-28T18:33:48","modified_gmt":"2023-06-28T16:33:48","slug":"le-bebe","status":"publish","type":"page","link":"https:\/\/letempsdespommes.com\/?page_id=230","title":{"rendered":"L&rsquo;\u00c9QUIPEMENT B\u00c9B\u00c9"},"content":{"rendered":"<p><a href=\"http:\/\/letempsdespommes.com\/wp-content\/uploads\/2016\/01\/DSC_0021-e1453469507311.jpg\" rel=\"attachment wp-att-231\"><img loading=\"lazy\" decoding=\"async\" class=\"aligncenter wp-image-231 size-full\" src=\"http:\/\/letempsdespommes.com\/wp-content\/uploads\/2016\/01\/DSC_0021-e1687970021177.jpg\" alt=\"DSC_0021\" width=\"1500\" height=\"998\" \/><\/a><\/p>\n<p align=\"CENTER\"><span style=\"font-family: 'Segoe Script', sans-serif;\"><span style=\"font-size: x-large;\">L&rsquo;\u00e9quipement b\u00e9b\u00e9 est compos\u00e9 au choix d&rsquo;un lit parapluie avec linge de lit, d&rsquo;une table \u00e0 langer, d&rsquo;une baignoire, d&rsquo;une chaise haute, d&rsquo;un r\u00e9ducteur wc, de vaisselle, d&rsquo;une barri\u00e8re de s\u00e9curit\u00e9&#8230; <\/span><\/span><\/p>\n","protected":false},"excerpt":{"rendered":"<p>L&rsquo;\u00e9quipement b\u00e9b\u00e9 est compos\u00e9 au choix d&rsquo;un lit parapluie avec linge de lit, d&rsquo;une table \u00e0 langer, d&rsquo;une baignoire, d&rsquo;une chaise haute, d&rsquo;un r\u00e9ducteur wc, de vaisselle, d&rsquo;une barri\u00e8re de s\u00e9curit\u00e9&#8230;<a class=\"read-more \" href=\"https:\/\/letempsdespommes.com\/?page_id=230\" title=\"Read More\"> <span class=\"button default\">Read More<\/span><\/a><\/p>\n","protected":false},"author":1,"featured_media":0,"parent":0,"menu_order":0,"comment_status":"closed","ping_status":"closed","template":"","meta":{"footnotes":""},"_links":{"self":[{"href":"https:\/\/letempsdespommes.com\/index.php?rest_route=\/wp\/v2\/pages\/230"}],"collection":[{"href":"https:\/\/letempsdespommes.com\/index.php?rest_route=\/wp\/v2\/pages"}],"about":[{"href":"https:\/\/letempsdespommes.com\/index.php?rest_route=\/wp\/v2\/types\/page"}],"author":[{"embeddable":true,"href":"https:\/\/letempsdespommes.com\/index.php?rest_route=\/wp\/v2\/users\/1"}],"replies":[{"embeddable":true,"href":"https:\/\/letempsdespommes.com\/index.php?rest_route=%2Fwp%2Fv2%2Fcomments&post=230"}],"version-history":[{"count":6,"href":"https:\/\/letempsdespommes.com\/index.php?rest_route=\/wp\/v2\/pages\/230\/revisions"}],"predecessor-version":[{"id":1025,"href":"https:\/\/letempsdespommes.com\/index.php?rest_route=\/wp\/v2\/pages\/230\/revisions\/1025"}],"wp:attachment":[{"href":"https:\/\/letempsdespommes.com\/index.php?rest_route=%2Fwp%2Fv2%2Fmedia&parent=230"}],"curies":[{"name":"wp","href":"https:\/\/api.w.org\/{rel}","templated":true}]}}