{"id":193,"date":"2016-01-17T15:24:55","date_gmt":"2016-01-17T14:24:55","guid":{"rendered":"http:\/\/letempsdespommes.com\/?page_id=193"},"modified":"2016-03-02T11:29:17","modified_gmt":"2016-03-02T10:29:17","slug":"localisation","status":"publish","type":"page","link":"https:\/\/letempsdespommes.com\/?page_id=193","title":{"rendered":"LOCALISATION"},"content":{"rendered":"<p><iframe loading=\"lazy\" style=\"border: 0;\" src=\"https:\/\/www.google.com\/maps\/embed?pb=!1m18!1m12!1m3!1d1896.9958719024023!2d0.3650017761840215!3d49.390806994810504!2m3!1f0!2f0!3f0!3m2!1i1024!2i768!4f13.1!3m3!1m2!1s0x47e04a93e3398bf7%3A0x82cba9b754fe3dba!2s1754+Le+Cotentin%2C+27210+Saint-Pierre-du-Val!5e1!3m2!1sfr!2sfr!4v1453040654375\" width=\"600\" height=\"450\" frameborder=\"0\" allowfullscreen=\"allowfullscreen\"><\/iframe><\/p>\n<p align=\"CENTER\"><span style=\"font-family: 'Segoe Script', sans-serif;\"><span style=\"font-size: x-large;\">Le g\u00eete est au c\u0153ur de la Normandie, \u00e0 10 minutes d&rsquo;Honfleur et \u00e0 proximit\u00e9 de nombreux lieux touristiques comme Le Pont de Normandie, Deauville, Pont l\u2019\u00c9v\u00eaque, Etretat, la C\u00f4te de Nacre, les plages du d\u00e9barquement&#8230;<\/span><\/span><\/p>\n","protected":false},"excerpt":{"rendered":"<p>Le g\u00eete est au c\u0153ur de la Normandie, \u00e0 10 minutes d&rsquo;Honfleur et \u00e0 proximit\u00e9 de nombreux lieux touristiques comme Le Pont de Normandie, Deauville, Pont l\u2019\u00c9v\u00eaque, Etretat, la C\u00f4te de Nacre, les plages du d\u00e9barquement&#8230;<a class=\"read-more \" href=\"https:\/\/letempsdespommes.com\/?page_id=193\" title=\"Read More\"> <span class=\"button default\">Read More<\/span><\/a><\/p>\n","protected":false},"author":1,"featured_media":0,"parent":0,"menu_order":0,"comment_status":"closed","ping_status":"closed","template":"","meta":{"footnotes":""},"_links":{"self":[{"href":"https:\/\/letempsdespommes.com\/index.php?rest_route=\/wp\/v2\/pages\/193"}],"collection":[{"href":"https:\/\/letempsdespommes.com\/index.php?rest_route=\/wp\/v2\/pages"}],"about":[{"href":"https:\/\/letempsdespommes.com\/index.php?rest_route=\/wp\/v2\/types\/page"}],"author":[{"embeddable":true,"href":"https:\/\/letempsdespommes.com\/index.php?rest_route=\/wp\/v2\/users\/1"}],"replies":[{"embeddable":true,"href":"https:\/\/letempsdespommes.com\/index.php?rest_route=%2Fwp%2Fv2%2Fcomments&post=193"}],"version-history":[{"count":4,"href":"https:\/\/letempsdespommes.com\/index.php?rest_route=\/wp\/v2\/pages\/193\/revisions"}],"predecessor-version":[{"id":398,"href":"https:\/\/letempsdespommes.com\/index.php?rest_route=\/wp\/v2\/pages\/193\/revisions\/398"}],"wp:attachment":[{"href":"https:\/\/letempsdespommes.com\/index.php?rest_route=%2Fwp%2Fv2%2Fmedia&parent=193"}],"curies":[{"name":"wp","href":"https:\/\/api.w.org\/{rel}","templated":true}]}}